{"id":5133,"date":"2017-06-24T13:52:15","date_gmt":"2017-06-24T11:52:15","guid":{"rendered":"https:\/\/nymion.com\/?page_id=5133"},"modified":"2025-03-04T12:57:57","modified_gmt":"2025-03-04T12:57:57","slug":"kenburns-slider-mp","status":"publish","type":"page","link":"https:\/\/nymion.com\/fr\/","title":{"rendered":"Accueil"},"content":{"rendered":"<section class=\"wpb-content-wrapper\"><p>[vc_row][vc_column offset=\u00a0\u00bbvc_hidden-sm vc_hidden-xs\u00a0\u00bb]\n\t\t\t<!-- START Kenburns 2023 FR REVOLUTION SLIDER 6.7.34 --><p class=\"rs-p-wp-fix\"><\/p>\n\t\t\t<rs-module-wrap id=\"rev_slider_5_1_wrapper\" data-source=\"gallery\" style=\"visibility:hidden;background:transparent;padding:0;margin:0px auto;margin-top:0;margin-bottom:0;\">\n\t\t\t\t<rs-module id=\"rev_slider_5_1\" style=\"\" data-version=\"6.7.34\">\n\t\t\t\t\t<rs-slides style=\"overflow: hidden; position: absolute;\">\n\t\t\t\t\t\t<rs-slide style=\"position: absolute;\" data-key=\"rs-11\" data-title=\"Slide\" data-anim=\"adpr:false;ms:600;\" data-in=\"o:0;\" data-out=\"a:false;\">\n\t\t\t\t\t\t\t<img decoding=\"async\" src=\"\/\/nymion.com\/wp-content\/plugins\/revslider\/sr6\/assets\/assets\/dummy.png\" alt=\"\" title=\"Perspective,View,Of,Empty,Concrete,Floor,And,Modern,Rooftop,Building\" width=\"2560\" height=\"1390\" class=\"rev-slidebg tp-rs-img rs-lazyload\" data-lazyload=\"\/\/nymion.com\/wp-content\/uploads\/2021\/10\/Dawn-scaled.jpg\" data-panzoom=\"d:10000;ss:100;se:115;\" data-no-retina>\n<!--\n\t\t\t\t\t\t\t--><rs-group\n\t\t\t\t\t\t\t\tid=\"slider-5-slide-11-layer-13\" \n\t\t\t\t\t\t\t\tdata-type=\"group\"\n\t\t\t\t\t\t\t\tdata-xy=\"xo:35px,39px,39px,39px;y:m;yo:31px,46px,46px,46px;\"\n\t\t\t\t\t\t\t\tdata-text=\"w:normal;l:22;a:inherit;\"\n\t\t\t\t\t\t\t\tdata-dim=\"w:932px,969px,969px,969px;h:525px;\"\n\t\t\t\t\t\t\t\tdata-basealign=\"slide\"\n\t\t\t\t\t\t\t\tdata-frame_1=\"st:20;sR:20;\"\n\t\t\t\t\t\t\t\tdata-frame_999=\"o:0;st:w;sR:8680;sA:9000;\"\n\t\t\t\t\t\t\t\tstyle=\"z-index:11;\"\n\t\t\t\t\t\t\t><!--\n\t\t\t\t\t\t\t\t--><rs-layer\n\t\t\t\t\t\t\t\t\tid=\"slider-5-slide-11-layer-1\" \n\t\t\t\t\t\t\t\t\tdata-type=\"text\"\n\t\t\t\t\t\t\t\t\tdata-xy=\"xo:69px,9px,9px,9px;y:m;yo:-111px,-133px,-133px,-133px;\"\n\t\t\t\t\t\t\t\t\tdata-pos=\"a\"\n\t\t\t\t\t\t\t\t\tdata-text=\"w:normal;s:53,55,55,55;l:55;ls:1px,0px,0px,0px;\"\n\t\t\t\t\t\t\t\t\tdata-dim=\"w:853px,846px,846px,846px;\"\n\t\t\t\t\t\t\t\t\tdata-frame_1=\"e:power2.inOut;sp:700;\"\n\t\t\t\t\t\t\t\t\tdata-frame_999=\"o:0;e:nothing;st:w;sR:8300;\"\n\t\t\t\t\t\t\t\t\tstyle=\"z-index:10;font-family:'Open Sans';\"\n\t\t\t\t\t\t\t\t>G\u00e9rez votre conformit\u00e9 et vos risques technologiques \n\t\t\t\t\t\t\t\t<\/rs-layer><!--\n\n\t\t\t\t\t\t\t\t--><rs-layer\n\t\t\t\t\t\t\t\t\tid=\"slider-5-slide-11-layer-2\" \n\t\t\t\t\t\t\t\t\tdata-type=\"text\"\n\t\t\t\t\t\t\t\t\tdata-xy=\"xo:79px,15px,15px,15px;y:m;yo:-6px,-19px,-19px,-19px;\"\n\t\t\t\t\t\t\t\t\tdata-pos=\"a\"\n\t\t\t\t\t\t\t\t\tdata-text=\"w:normal;l:33;ls:1px,0px,0px,0px;\"\n\t\t\t\t\t\t\t\t\tdata-frame_1=\"e:power2.inOut;sp:700;\"\n\t\t\t\t\t\t\t\t\tdata-frame_999=\"o:0;e:nothing;st:w;sR:8300;\"\n\t\t\t\t\t\t\t\t\tstyle=\"z-index:9;font-family:'Montserrat';text-transform:uppercase;\"\n\t\t\t\t\t\t\t\t>D\u00e9finir, concevoir & d\u00e9ployer votre strat\u00e9gie \n\t\t\t\t\t\t\t\t<\/rs-layer><!--\n\n\t\t\t\t\t\t\t\t--><a\n\t\t\t\t\t\t\t\t\tid=\"slider-5-slide-11-layer-11\" \n\t\t\t\t\t\t\t\t\tclass=\"rs-layer rev-btn\"\n\t\t\t\t\t\t\t\t\thref=\"https:\/\/nymion.com\/fr\/services\" target=\"_self\" rel=\"nofollow\"\n\t\t\t\t\t\t\t\t\tdata-type=\"button\"\n\t\t\t\t\t\t\t\t\tdata-color=\"rgba(236, 236, 236, 1)\"\n\t\t\t\t\t\t\t\t\tdata-xy=\"xo:80px,16px,16px,16px;yo:309px,299px,299px,299px;\"\n\t\t\t\t\t\t\t\t\tdata-pos=\"a\"\n\t\t\t\t\t\t\t\t\tdata-text=\"s:14;l:17;ls:2px;\"\n\t\t\t\t\t\t\t\t\tdata-rsp_bd=\"off\"\n\t\t\t\t\t\t\t\t\tdata-padding=\"t:12;r:35;b:12;l:35;\"\n\t\t\t\t\t\t\t\t\tdata-border=\"bos:solid;boc:rgba(236, 236, 236, 1);bow:2px,2px,2px,2px;\"\n\t\t\t\t\t\t\t\t\tdata-frame_1=\"e:power2.inOut;st:1510;sp:500;sR:1490;\"\n\t\t\t\t\t\t\t\t\tdata-frame_999=\"o:0;e:nothing;st:w;sR:6990;\"\n\t\t\t\t\t\t\t\t\tdata-frame_hover=\"c:#111;bgc:#ececec;boc:#ececec;bor:0px,0px,0px,0px;bos:solid;bow:2px,2px,2px,2px;oX:50;oY:50;sp:0;e:none;\"\n\t\t\t\t\t\t\t\t\tstyle=\"z-index:8;background:linear-gradient(rgba(43,49,61,1) 0%, rgba(43,49,61,1) 99%, rgba(215,215,215,1) 100%);font-family:'Montserrat';cursor:pointer;outline:none;box-shadow:none;box-sizing:border-box;-moz-box-sizing:border-box;-webkit-box-sizing:border-box;transition:all .35s;\"\n\t\t\t\t\t\t\t\t>EN SAVOIR PLUS \n\t\t\t\t\t\t\t\t<\/a><!--\n\t\t\t\t\t\t\t--><\/rs-group><!--\n\n\t\t\t\t\t\t\t--><rs-layer\n\t\t\t\t\t\t\t\tid=\"slider-5-slide-11-layer-14\" \n\t\t\t\t\t\t\t\tdata-type=\"text\"\n\t\t\t\t\t\t\t\tdata-color=\"rgba(153, 153, 153, 1)\"\n\t\t\t\t\t\t\t\tdata-xy=\"x:c;xo:16px,0,16px,16px;y:b;yo:75px,85px,85px,85px;\"\n\t\t\t\t\t\t\t\tdata-text=\"s:40;l:22;\"\n\t\t\t\t\t\t\t\tdata-vbility=\"t,t,f,f\"\n\t\t\t\t\t\t\t\tdata-basealign=\"slide\"\n\t\t\t\t\t\t\t\tdata-rsp_o=\"off\"\n\t\t\t\t\t\t\t\tdata-rsp_bd=\"off\"\n\t\t\t\t\t\t\t\tdata-frame_1=\"e:power2.inOut;st:4000;sp:500;sR:4000;\"\n\t\t\t\t\t\t\t\tdata-frame_999=\"o:0;e:nothing;st:w;sR:4500;\"\n\t\t\t\t\t\t\t\tdata-frame_hover=\"c:#fff;bor:0px,0px,0px,0px;oX:50;oY:50;sp:0;e:none;\"\n\t\t\t\t\t\t\t\tstyle=\"z-index:12;font-family:'Roboto';cursor:pointer;\"\n\t\t\t\t\t\t\t><span class=\"linea-basic-magic-mouse\"><\/span> \n\t\t\t\t\t\t\t<\/rs-layer><!--\n-->\t\t\t\t\t<\/rs-slide>\n\t\t\t\t\t<\/rs-slides>\n\t\t\t\t<\/rs-module>\n\t\t\t\t<script>\n\t\t\t\t\tsetREVStartSize({c: 'rev_slider_5_1',rl:[1240,1024,1024,1024],el:[868,768,768,768],gw:[1240,1024,1024,1024],gh:[868,768,768,768],type:'hero',justify:'',layout:'fullwidth',mh:\"0\"});if (window.RS_MODULES!==undefined && window.RS_MODULES.modules!==undefined && window.RS_MODULES.modules[\"revslider51\"]!==undefined) {window.RS_MODULES.modules[\"revslider51\"].once = false;window.revapi5 = undefined;if (window.RS_MODULES.checkMinimal!==undefined) window.RS_MODULES.checkMinimal()}\n\t\t\t\t<\/script>\n\t\t\t<\/rs-module-wrap>\n\t\t\t<!-- END REVOLUTION SLIDER -->\n[\/vc_column][\/vc_row][vc_row][vc_column offset=\u00a0\u00bbvc_hidden-lg vc_hidden-md\u00a0\u00bb]\n\t\t\t<!-- START Kenburns Slider  FR Mobile REVOLUTION SLIDER 6.7.34 --><p class=\"rs-p-wp-fix\"><\/p>\n\t\t\t<rs-module-wrap id=\"rev_slider_9_2_wrapper\" data-source=\"gallery\" style=\"visibility:hidden;background:transparent;padding:0;margin:0px auto;margin-top:0;margin-bottom:0;\">\n\t\t\t\t<rs-module id=\"rev_slider_9_2\" style=\"\" data-version=\"6.7.34\">\n\t\t\t\t\t<rs-slides style=\"overflow: hidden; position: absolute;\">\n\t\t\t\t\t\t<rs-slide style=\"position: absolute;\" data-key=\"rs-15\" data-title=\"Slide\" data-anim=\"adpr:false;ms:600;\" data-in=\"o:0;\" data-out=\"a:false;\">\n\t\t\t\t\t\t\t<img decoding=\"async\" src=\"\/\/nymion.com\/wp-content\/plugins\/revslider\/sr6\/assets\/assets\/dummy.png\" alt=\"\" title=\"Perspective,View,Of,Empty,Concrete,Floor,And,Modern,Rooftop,Building\" width=\"2560\" height=\"1390\" class=\"rev-slidebg tp-rs-img rs-lazyload\" data-lazyload=\"\/\/nymion.com\/wp-content\/uploads\/2021\/10\/Dawn-scaled.jpg\" data-panzoom=\"d:10000;ss:100;se:115;\" data-no-retina>\n<!--\n\t\t\t\t\t\t\t--><rs-group\n\t\t\t\t\t\t\t\tid=\"slider-9-slide-15-layer-13\" \n\t\t\t\t\t\t\t\tdata-type=\"group\"\n\t\t\t\t\t\t\t\tdata-xy=\"x:l,l,c,c;xo:33px,33px,-91px,-6px;y:m;yo:31px,31px,-17px,40px;\"\n\t\t\t\t\t\t\t\tdata-text=\"w:normal;l:22;a:inherit;\"\n\t\t\t\t\t\t\t\tdata-dim=\"w:932px,932px,585px,454px;h:525px,525px,525px,542px;\"\n\t\t\t\t\t\t\t\tdata-basealign=\"slide\"\n\t\t\t\t\t\t\t\tdata-frame_1=\"st:20;sR:20;\"\n\t\t\t\t\t\t\t\tdata-frame_999=\"o:0;st:w;sR:8680;sA:9000;\"\n\t\t\t\t\t\t\t\tstyle=\"z-index:11;\"\n\t\t\t\t\t\t\t><!--\n\t\t\t\t\t\t\t\t--><a\n\t\t\t\t\t\t\t\t\tid=\"slider-9-slide-15-layer-11\" \n\t\t\t\t\t\t\t\t\tclass=\"rs-layer rev-btn\"\n\t\t\t\t\t\t\t\t\thref=\"https:\/\/nymion.com\/fr\/formulaire\/\" target=\"_self\" rel=\"nofollow\"\n\t\t\t\t\t\t\t\t\tdata-type=\"button\"\n\t\t\t\t\t\t\t\t\tdata-color=\"rgba(236, 236, 236, 1)\"\n\t\t\t\t\t\t\t\t\tdata-xy=\"xo:81px,81px,5px,5px;y:t,t,t,m;yo:312px,312px,293px,202px;\"\n\t\t\t\t\t\t\t\t\tdata-pos=\"a\"\n\t\t\t\t\t\t\t\t\tdata-text=\"s:14,14,10,10;l:17,17,13,13;ls:2px,2px,2px,1px;\"\n\t\t\t\t\t\t\t\t\tdata-dim=\"w:auto,auto,auto,158px;\"\n\t\t\t\t\t\t\t\t\tdata-rsp_bd=\"off\"\n\t\t\t\t\t\t\t\t\tdata-padding=\"t:12,12,10,9;r:35,35,26,27;b:12,12,10,9;l:35,35,26,27;\"\n\t\t\t\t\t\t\t\t\tdata-border=\"bos:solid;boc:rgba(236, 236, 236, 1);bow:2px,2px,2px,2px;\"\n\t\t\t\t\t\t\t\t\tdata-frame_1=\"e:power2.inOut;st:1510;sp:500;sR:1490;\"\n\t\t\t\t\t\t\t\t\tdata-frame_999=\"o:0;e:nothing;st:w;sR:6990;\"\n\t\t\t\t\t\t\t\t\tdata-frame_hover=\"c:#111;bgc:#ececec;boc:#ececec;bor:0px,0px,0px,0px;bos:solid;bow:2px,2px,2px,2px;oX:50;oY:50;sp:0;e:none;\"\n\t\t\t\t\t\t\t\t\tstyle=\"z-index:10;background:linear-gradient(rgba(43,49,61,1) 0%, rgba(43,49,61,1) 99%, rgba(215,215,215,1) 100%);font-family:'Montserrat';cursor:pointer;outline:none;box-shadow:none;box-sizing:border-box;-moz-box-sizing:border-box;-webkit-box-sizing:border-box;transition:all .35s;\"\n\t\t\t\t\t\t\t\t>EN SAVOIR PLUS \n\t\t\t\t\t\t\t\t<\/a><!--\n\n\t\t\t\t\t\t\t\t--><rs-layer\n\t\t\t\t\t\t\t\t\tid=\"slider-9-slide-15-layer-1\" \n\t\t\t\t\t\t\t\t\tdata-type=\"text\"\n\t\t\t\t\t\t\t\t\tdata-xy=\"x:c,c,l,l;xo:16px,16px,0,0;y:m;yo:-110px,-110px,-98px,-59px;\"\n\t\t\t\t\t\t\t\t\tdata-pos=\"a\"\n\t\t\t\t\t\t\t\t\tdata-text=\"w:normal,normal,normal,normal;s:53,53,39,45;l:55,55,39,42;ls:1px,1px,0px,0px;\"\n\t\t\t\t\t\t\t\t\tdata-dim=\"w:833px,833px,552px,392px;\"\n\t\t\t\t\t\t\t\t\tdata-frame_1=\"e:power2.inOut;sp:700;\"\n\t\t\t\t\t\t\t\t\tdata-frame_999=\"o:0;e:nothing;st:w;sR:8300;\"\n\t\t\t\t\t\t\t\t\tstyle=\"z-index:9;font-family:'Open Sans';\"\n\t\t\t\t\t\t\t\t>Des Solutions sur la Protection des Renseignements Personnels du Berceau \u00e0 la Conformit\u00e9 \n\t\t\t\t\t\t\t\t<\/rs-layer><!--\n\n\t\t\t\t\t\t\t\t--><rs-layer\n\t\t\t\t\t\t\t\t\tid=\"slider-9-slide-15-layer-2\" \n\t\t\t\t\t\t\t\t\tdata-type=\"text\"\n\t\t\t\t\t\t\t\t\tdata-tsh=\"c:#2b313d;h:2px;v:2px;b:1px;\"\n\t\t\t\t\t\t\t\t\tdata-xy=\"x:c,c,l,l;xo:-21px,-21px,4px,5px;y:m;yo:5px,5px,-1px,124px;\"\n\t\t\t\t\t\t\t\t\tdata-pos=\"a\"\n\t\t\t\t\t\t\t\t\tdata-text=\"w:normal,normal,normal,normal;l:39,39,39,25;ls:1px,1px,0px,0px;\"\n\t\t\t\t\t\t\t\t\tdata-dim=\"w:737px,737px,514px,343px;\"\n\t\t\t\t\t\t\t\t\tdata-frame_1=\"e:power2.inOut;sp:700;\"\n\t\t\t\t\t\t\t\t\tdata-frame_999=\"o:0;e:nothing;st:w;sR:8300;\"\n\t\t\t\t\t\t\t\t\tstyle=\"z-index:8;font-family:'Montserrat';text-transform:uppercase;\"\n\t\t\t\t\t\t\t\t>\u00c9tablir, maintenir et contr\u00f4ler Votre Gouvernance PRP \n\t\t\t\t\t\t\t\t<\/rs-layer><!--\n\t\t\t\t\t\t\t--><\/rs-group><!--\n\n\t\t\t\t\t\t\t--><rs-layer\n\t\t\t\t\t\t\t\tid=\"slider-9-slide-15-layer-14\" \n\t\t\t\t\t\t\t\tdata-type=\"text\"\n\t\t\t\t\t\t\t\tdata-color=\"rgba(153, 153, 153, 1)\"\n\t\t\t\t\t\t\t\tdata-xy=\"x:c;xo:16px,16px,0,0;y:b,b,m,t;yo:75px,75px,473px,717px;\"\n\t\t\t\t\t\t\t\tdata-text=\"s:40;l:22;\"\n\t\t\t\t\t\t\t\tdata-vbility=\"t,t,f,f\"\n\t\t\t\t\t\t\t\tdata-basealign=\"slide\"\n\t\t\t\t\t\t\t\tdata-rsp_o=\"off\"\n\t\t\t\t\t\t\t\tdata-rsp_bd=\"off\"\n\t\t\t\t\t\t\t\tdata-frame_1=\"e:power2.inOut;st:4000;sp:500;sR:4000;\"\n\t\t\t\t\t\t\t\tdata-frame_999=\"o:0;e:nothing;st:w;sR:4500;\"\n\t\t\t\t\t\t\t\tdata-frame_hover=\"c:#fff;bor:0px,0px,0px,0px;oX:50;oY:50;sp:0;e:none;\"\n\t\t\t\t\t\t\t\tstyle=\"z-index:12;font-family:'Roboto';cursor:pointer;\"\n\t\t\t\t\t\t\t><span class=\"linea-basic-magic-mouse\"><\/span> \n\t\t\t\t\t\t\t<\/rs-layer><!--\n-->\t\t\t\t\t<\/rs-slide>\n\t\t\t\t\t<\/rs-slides>\n\t\t\t\t<\/rs-module>\n\t\t\t\t<script>\n\t\t\t\t\tsetREVStartSize({c: 'rev_slider_9_2',rl:[1240,1240,778,480],el:[868,868,960,720],gw:[1240,1240,778,480],gh:[868,868,960,720],type:'hero',justify:'',layout:'fullwidth',mh:\"0\"});if (window.RS_MODULES!==undefined && window.RS_MODULES.modules!==undefined && window.RS_MODULES.modules[\"revslider92\"]!==undefined) {window.RS_MODULES.modules[\"revslider92\"].once = false;window.revapi9 = undefined;if (window.RS_MODULES.checkMinimal!==undefined) window.RS_MODULES.checkMinimal()}\n\t\t\t\t<\/script>\n\t\t\t<\/rs-module-wrap>\n\t\t\t<!-- END REVOLUTION SLIDER -->\n[\/vc_column][\/vc_row][vc_row][vc_column][vc_empty_space height=\u00a0\u00bb75&Prime;][\/vc_column][\/vc_row][vc_row][vc_column width=\u00a0\u00bb1\/3&Prime;]\n        <div class=\"wow fadeIn\"  data-wow-duration=\"0.8s\" data-wow-delay=\"0.1s\">\n        <div class=\"link-cards-wrapper . no-title\">\n            <div class=\"link-card\">\n            \t<a href=\"https:\/\/nymion.com\/fr\/services\/\" title=\"Services\"><img decoding=\"async\" src=\"https:\/\/nymion.com\/wp-content\/uploads\/2021\/10\/AG_Main_Fr.jpg\" alt=\"\" class=\"img-responsive\" \/><\/a>\n            \t<div class=\"item-content\"><p>Notre \u00e9quipe diversifi\u00e9e et exp\u00e9riment\u00e9e d\u2019avocats sp\u00e9cialis\u00e9s PRP, de conseillers strat\u00e9giques, d'analystes et d'architectes de solutions fournit des conseils en mati\u00e8re de processus, d'efficacit\u00e9 et de clart\u00e9.<\/p>\n            \t\t<a href=\"https:\/\/nymion.com\/fr\/services\/\" title=\"Services\" class=\"btn-ghost btn-small cli-btn\" >En Savoir Plus<\/span><\/a>\n            \t<\/div>\n            <\/div>\n        <\/div><\/div>[\/vc_column][vc_column width=\u00a0\u00bb1\/3&Prime;]\n        <div class=\"wow fadeIn\"  data-wow-duration=\"0.8s\" data-wow-delay=\"0.1s\">\n        <div class=\"link-cards-wrapper . no-title\">\n            <div class=\"link-card\">\n            \t<a href=\"https:\/\/nymion.com\/fr\/services\/\" title=\"Services\"><img decoding=\"async\" src=\"https:\/\/nymion.com\/wp-content\/uploads\/2021\/10\/Design_main_Fr-1.jpg\" alt=\"\" class=\"img-responsive\" \/><\/a>\n            \t<div class=\"item-content\"><p>Notre \u00e9quipe d'architectes de donn\u00e9es, d'int\u00e9gration et de solutions con\u00e7oit des solutions tactiques et strat\u00e9giques pour atteindre l'excellence en mati\u00e8re de protection des renseignements personnels et de conformit\u00e9 r\u00e9glementaire.<\/p>\n            \t\t<a href=\"https:\/\/nymion.com\/fr\/services\/\" title=\"Services\" class=\"btn-ghost btn-small cli-btn\" >En Savoir Plus<\/span><\/a>\n            \t<\/div>\n            <\/div>\n        <\/div><\/div>[\/vc_column][vc_column width=\u00a0\u00bb1\/3&Prime;]\n        <div class=\"wow fadeIn\"  data-wow-duration=\"0.8s\" data-wow-delay=\"0.1s\">\n        <div class=\"link-cards-wrapper . no-title\">\n            <div class=\"link-card\">\n            \t<a href=\"https:\/\/nymion.com\/fr\/services\/\" title=\"Services\"><img decoding=\"async\" src=\"https:\/\/nymion.com\/wp-content\/uploads\/2021\/10\/ID_main_2_Fr.jpg\" alt=\"\" class=\"img-responsive\" \/><\/a>\n            \t<div class=\"item-content\"><p>Nos sp\u00e9cialistes du d\u00e9ploiement de l'int\u00e9gration garantissent la fourniture d'un service de qualit\u00e9 et d'une assistance compl\u00e8te pour l'int\u00e9gration de votre nouvelle solution de protection des renseignements personnels.<\/p>\n            \t\t<a href=\"https:\/\/nymion.com\/fr\/services\/\" title=\"Services\" class=\"btn-ghost btn-small cli-btn\" >En Savoir Plus<\/span><\/a>\n            \t<\/div>\n            <\/div>\n        <\/div><\/div>[\/vc_column][\/vc_row][vc_row background=\u00a0\u00bb#3a445a\u00a0\u00bb][vc_column][vc_empty_space height=\u00a0\u00bb50&Prime;][vc_column_text el_class=\u00a0\u00bbbanner-text-block\u00a0\u00bb]<\/p>\n<h1 style=\"text-align: center;\"><strong>Des solutions adapt\u00e9es aux besoins de votre entreprise<\/strong><\/h1>\n<p>[\/vc_column_text][vc_empty_space height=\u00a0\u00bb50&Prime;][\/vc_column][\/vc_row][vc_row row_type=\u00a0\u00bbfull-width\u00a0\u00bb][vc_column no_gap_check=\u00a0\u00bbno-gap\u00a0\u00bb]\n\t\t\t<div class=\"contact-1\">\n\t\t\t\t<div class=\"contact-wrapper\">\n\t\t\t\t\t<div id=\"definity-gmap-1\" \n\t\tdata-address=\"306, Place d\u2019Youville Suite C10, Montr\u00e9al, Qu\u00e9bec H2Y 2B6\"\n\t\tdata-map-type=\"roadmap_custom\"\n\t\tdata-map-style=\"light_monochrome\"\n\t\tdata-zoom=\"14\"\n        data-min-zoom=\"1\"\n\t\tdata-zoom-controls=\"no-gap\"\n\t\tdata-scroll-zoom=\"0\"\n\t\tdata-touch-drag=\"1\"\n\t\tdata-marker-icon=\"\"\n\t class=\"definity-gmap aspect-ratio\" style=\"height: 500px;\"><\/div>\n\n\t\t\t\t\t<div class=\"show-info-link\">\n\t\t\t\t\t\t<a href=\"#\" class=\"show-info\"><i class=\"fa fa-info\"><\/i><h6>Retour \u00e0 la carte<\/h6><\/a>\n\t\t\t\t\t<\/div>\n\n\t\t\t\t\t<div class=\"container\">\n\t\t\t\t\t\t<div class=\"row\">\n\n\t\t\t\t\t\t\t<div class=\"col-xs-offset-1 col-xs-11 col-md-offset-2 col-md-6 contact-info-wrapper\">\n\t\t\t\t\t\t\t\t<address>\n\t\t\t\t\t\t\t\t\t<div class=\"row\">\n\t\t\t\t\t\t\t\t\t\t\n        <div class=\"col-sm-6 address-group\"><span>Bureau<\/span><p>514-317-2237<\/p><p>1-888-NYMION-1<\/p><\/div>\n\t\t\t\t\t\t\t\t\t\t\n        <div class=\"col-sm-6 address-group\"><span>Adresse<\/span><p>400-3 Place Ville-Marie, Montr\u00e9al, Qu\u00e9bec H3B2E3<\/p><\/div>\n\t\t\t\t\t\t\t\t\t<\/div>\n\t\t\t\t\t\t\t\t\t<div class=\"row\">\n\t\t\t\t\t\t\t\t\t\t\n            <div class=\"col-sm-6 address-group\"><span>Courriel<\/span><p>questions@nymion.com<\/p><\/div>\n\t\t\t\t\t\t\t\t\t\t\n            <div class=\"col-sm-6 address-group\"><span>Heures d\u2019ouverture<\/span><p>lun. au ven. : 08h00 \u00e0 17h00 HE<\/p><\/div>\n\t\t\t\t\t\t\t\t\t<\/div>\n\t\t\t\t\t\t\t\t\t<div class=\"row show-map-link\">\n\t\t\t\t\t\t\t\t\t\t<a href=\"#\" class=\"show-map\"><span class=\"et-map-pin\"><\/span>Plus d'informations<\/a>\n\t\t\t\t\t\t\t\t\t<\/div>\n\t\t\t\t\t\t\t\t<\/address>\n\t\t\t\t\t\t\t<\/div>\n\t\t\t\t\t\t<\/div>\n\t\t\t\t\t<\/div>\n\t\t\t\t<\/div>\n\t\t\t<\/div>[\/vc_column][\/vc_row][vc_row equal_height=\u00a0\u00bbyes\u00a0\u00bb][vc_column][vc_empty_space height=\u00a0\u00bb25&Prime;][vc_column_text]<\/p>\n<h1 style=\"text-align: center;\">Partenariats Cl\u00e9s<\/h1>\n<p>[\/vc_column_text][\/vc_column][\/vc_row][vc_row][vc_column][vc_empty_space height=\u00a0\u00bb25&Prime;][vc_row_inner][vc_column_inner width=\u00a0\u00bb1\/2&Prime;]\n        <div class=\"link-cards-wrapper . \">\n            <div class=\"link-card\">\n            \t<a href=\"https:\/\/www.ecscanada.com\/\" title=\"\"><\/a>\n            \t<div class=\"item-content\"><h6>S\u00e9curit\u00e9 Industrielle<\/h6><p>ECS Canada se sp\u00e9cialise dans les services s\u00e9curit\u00e9 et de gestion de risque pour toutes entreprises. Ayant des bureaux au Qu\u00e9bec et en Ontario, ECS est reconnue pour son sens politique, sa rigueur et sa qualit\u00e9 de service.<\/p>\n            \t\t<a href=\"https:\/\/www.ecscanada.com\/\" title=\"\" class=\"btn-ghost btn-small cli-btn\"  target=\"_blank\">ECS Canada<\/span><\/a>\n            \t<\/div>\n            <\/div>\n        <\/div>[\/vc_column_inner][vc_column_inner width=\u00a0\u00bb1\/2&Prime;]\n        <div class=\"link-cards-wrapper . \">\n            <div class=\"link-card\">\n            \t<a href=\"https:\/\/langlois.ca\/en\/\" title=\"\"><\/a>\n            \t<div class=\"item-content\"><h6>L\u00e9gale<\/h6><p>Notre collaboration avec Langlois Avocats nous permet d\u2019offrir les services juridiques en ce qui concerne une vari\u00e9t\u00e9 de lois sur la protection des renseignements personnels au Canada, comme la loi 25 au Qu\u00e9bec, la LPRPDE au Canada et le RGDP en Europe.<\/p>\n            \t\t<a href=\"https:\/\/langlois.ca\/en\/\" title=\"\" class=\"btn-ghost btn-small cli-btn\"  target=\"_blank\">Langlois Avocats<\/span><\/a>\n            \t<\/div>\n            <\/div>\n        <\/div>[\/vc_column_inner][\/vc_row_inner][vc_empty_space height=\u00a0\u00bb32&Prime;][\/vc_column][\/vc_row]<\/p>\n<\/section>","protected":false},"excerpt":{"rendered":"<p>[vc_row][vc_column offset=\u00a0\u00bbvc_hidden-sm vc_hidden-xs\u00a0\u00bb][\/vc_column][\/vc_row][vc_row][vc_column offset=\u00a0\u00bbvc_hidden-lg vc_hidden-md\u00a0\u00bb][\/vc_column][\/vc_row][vc_row][vc_column][vc_empty_space height=\u00a0\u00bb75&Prime;][\/vc_column][\/vc_row][vc_row][vc_column width=\u00a0\u00bb1\/3&Prime;][\/vc_column][vc_column width=\u00a0\u00bb1\/3&Prime;][\/vc_column][vc_column width=\u00a0\u00bb1\/3&Prime;][\/vc_column][\/vc_row][vc_row background=\u00a0\u00bb#3a445a\u00a0\u00bb][vc_column][vc_empty_space height=\u00a0\u00bb50&Prime;][vc_column_text el_class=\u00a0\u00bbbanner-text-block\u00a0\u00bb] Des solutions adapt\u00e9es aux besoins de votre entreprise [\/vc_column_text][vc_empty_space height=\u00a0\u00bb50&Prime;][\/vc_column][\/vc_row][vc_row &hellip; <\/p>\n<p><a href=\"https:\/\/nymion.com\/fr\/\" class=\"read-more-btn btn btn-small\">Read More<span class=\"screen-reader-text\">Accueil<\/span><\/a><\/p>\n","protected":false},"author":1,"featured_media":0,"parent":0,"menu_order":0,"comment_status":"closed","ping_status":"closed","template":"page-vc.php","meta":{"_acf_changed":false,"footnotes":""},"class_list":["post-5133","page","type-page","status-publish","hentry"],"acf":[],"yoast_head":"<!-- This site is optimized with the Yoast SEO plugin v25.0 - https:\/\/yoast.com\/wordpress\/plugins\/seo\/ -->\n<title>Accueil - Nymion<\/title>\n<meta name=\"robots\" content=\"index, follow, max-snippet:-1, max-image-preview:large, max-video-preview:-1\" \/>\n<link rel=\"canonical\" href=\"https:\/\/nymion.com\/fr\/\" \/>\n<meta property=\"og:locale\" content=\"fr_FR\" \/>\n<meta property=\"og:type\" content=\"article\" \/>\n<meta property=\"og:title\" content=\"Accueil - Nymion\" \/>\n<meta property=\"og:description\" content=\"[vc_row][vc_column offset=\u00a0\u00bbvc_hidden-sm vc_hidden-xs\u00a0\u00bb][\/vc_column][\/vc_row][vc_row][vc_column offset=\u00a0\u00bbvc_hidden-lg vc_hidden-md\u00a0\u00bb][\/vc_column][\/vc_row][vc_row][vc_column][vc_empty_space height=\u00a0\u00bb75&Prime;][\/vc_column][\/vc_row][vc_row][vc_column width=\u00a0\u00bb1\/3&Prime;][\/vc_column][vc_column width=\u00a0\u00bb1\/3&Prime;][\/vc_column][vc_column width=\u00a0\u00bb1\/3&Prime;][\/vc_column][\/vc_row][vc_row background=\u00a0\u00bb#3a445a\u00a0\u00bb][vc_column][vc_empty_space height=\u00a0\u00bb50&Prime;][vc_column_text el_class=\u00a0\u00bbbanner-text-block\u00a0\u00bb] Des solutions adapt\u00e9es aux besoins de votre entreprise [\/vc_column_text][vc_empty_space height=\u00a0\u00bb50&Prime;][\/vc_column][\/vc_row][vc_row &hellip; Read MoreAccueil\" \/>\n<meta property=\"og:url\" content=\"https:\/\/nymion.com\/fr\/\" \/>\n<meta property=\"og:site_name\" content=\"Nymion\" \/>\n<meta property=\"article:modified_time\" content=\"2025-03-04T12:57:57+00:00\" \/>\n<meta name=\"twitter:card\" content=\"summary_large_image\" \/>\n<meta name=\"twitter:label1\" content=\"Dur\u00e9e de lecture estim\u00e9e\" \/>\n\t<meta name=\"twitter:data1\" content=\"2 minutes\" \/>\n<script type=\"application\/ld+json\" class=\"yoast-schema-graph\">{\"@context\":\"https:\/\/schema.org\",\"@graph\":[{\"@type\":\"WebPage\",\"@id\":\"https:\/\/nymion.com\/fr\/\",\"url\":\"https:\/\/nymion.com\/fr\/\",\"name\":\"Accueil - Nymion\",\"isPartOf\":{\"@id\":\"https:\/\/nymion.com\/#website\"},\"datePublished\":\"2017-06-24T11:52:15+00:00\",\"dateModified\":\"2025-03-04T12:57:57+00:00\",\"breadcrumb\":{\"@id\":\"https:\/\/nymion.com\/fr\/#breadcrumb\"},\"inLanguage\":\"fr-FR\",\"potentialAction\":[{\"@type\":\"ReadAction\",\"target\":[\"https:\/\/nymion.com\/fr\/\"]}]},{\"@type\":\"BreadcrumbList\",\"@id\":\"https:\/\/nymion.com\/fr\/#breadcrumb\",\"itemListElement\":[{\"@type\":\"ListItem\",\"position\":1,\"name\":\"Home\",\"item\":\"https:\/\/nymion.com\/fr\/\"},{\"@type\":\"ListItem\",\"position\":2,\"name\":\"Accueil\"}]},{\"@type\":\"WebSite\",\"@id\":\"https:\/\/nymion.com\/#website\",\"url\":\"https:\/\/nymion.com\/\",\"name\":\"Nymion\",\"description\":\"Nymion\",\"potentialAction\":[{\"@type\":\"SearchAction\",\"target\":{\"@type\":\"EntryPoint\",\"urlTemplate\":\"https:\/\/nymion.com\/?s={search_term_string}\"},\"query-input\":{\"@type\":\"PropertyValueSpecification\",\"valueRequired\":true,\"valueName\":\"search_term_string\"}}],\"inLanguage\":\"fr-FR\"}]}<\/script>\n<!-- \/ Yoast SEO plugin. -->","yoast_head_json":{"title":"Accueil - Nymion","robots":{"index":"index","follow":"follow","max-snippet":"max-snippet:-1","max-image-preview":"max-image-preview:large","max-video-preview":"max-video-preview:-1"},"canonical":"https:\/\/nymion.com\/fr\/","og_locale":"fr_FR","og_type":"article","og_title":"Accueil - Nymion","og_description":"[vc_row][vc_column offset=\u00a0\u00bbvc_hidden-sm vc_hidden-xs\u00a0\u00bb][\/vc_column][\/vc_row][vc_row][vc_column offset=\u00a0\u00bbvc_hidden-lg vc_hidden-md\u00a0\u00bb][\/vc_column][\/vc_row][vc_row][vc_column][vc_empty_space height=\u00a0\u00bb75&Prime;][\/vc_column][\/vc_row][vc_row][vc_column width=\u00a0\u00bb1\/3&Prime;][\/vc_column][vc_column width=\u00a0\u00bb1\/3&Prime;][\/vc_column][vc_column width=\u00a0\u00bb1\/3&Prime;][\/vc_column][\/vc_row][vc_row background=\u00a0\u00bb#3a445a\u00a0\u00bb][vc_column][vc_empty_space height=\u00a0\u00bb50&Prime;][vc_column_text el_class=\u00a0\u00bbbanner-text-block\u00a0\u00bb] Des solutions adapt\u00e9es aux besoins de votre entreprise [\/vc_column_text][vc_empty_space height=\u00a0\u00bb50&Prime;][\/vc_column][\/vc_row][vc_row &hellip; Read MoreAccueil","og_url":"https:\/\/nymion.com\/fr\/","og_site_name":"Nymion","article_modified_time":"2025-03-04T12:57:57+00:00","twitter_card":"summary_large_image","twitter_misc":{"Dur\u00e9e de lecture estim\u00e9e":"2 minutes"},"schema":{"@context":"https:\/\/schema.org","@graph":[{"@type":"WebPage","@id":"https:\/\/nymion.com\/fr\/","url":"https:\/\/nymion.com\/fr\/","name":"Accueil - Nymion","isPartOf":{"@id":"https:\/\/nymion.com\/#website"},"datePublished":"2017-06-24T11:52:15+00:00","dateModified":"2025-03-04T12:57:57+00:00","breadcrumb":{"@id":"https:\/\/nymion.com\/fr\/#breadcrumb"},"inLanguage":"fr-FR","potentialAction":[{"@type":"ReadAction","target":["https:\/\/nymion.com\/fr\/"]}]},{"@type":"BreadcrumbList","@id":"https:\/\/nymion.com\/fr\/#breadcrumb","itemListElement":[{"@type":"ListItem","position":1,"name":"Home","item":"https:\/\/nymion.com\/fr\/"},{"@type":"ListItem","position":2,"name":"Accueil"}]},{"@type":"WebSite","@id":"https:\/\/nymion.com\/#website","url":"https:\/\/nymion.com\/","name":"Nymion","description":"Nymion","potentialAction":[{"@type":"SearchAction","target":{"@type":"EntryPoint","urlTemplate":"https:\/\/nymion.com\/?s={search_term_string}"},"query-input":{"@type":"PropertyValueSpecification","valueRequired":true,"valueName":"search_term_string"}}],"inLanguage":"fr-FR"}]}},"_links":{"self":[{"href":"https:\/\/nymion.com\/fr\/wp-json\/wp\/v2\/pages\/5133","targetHints":{"allow":["GET"]}}],"collection":[{"href":"https:\/\/nymion.com\/fr\/wp-json\/wp\/v2\/pages"}],"about":[{"href":"https:\/\/nymion.com\/fr\/wp-json\/wp\/v2\/types\/page"}],"author":[{"embeddable":true,"href":"https:\/\/nymion.com\/fr\/wp-json\/wp\/v2\/users\/1"}],"replies":[{"embeddable":true,"href":"https:\/\/nymion.com\/fr\/wp-json\/wp\/v2\/comments?post=5133"}],"version-history":[{"count":58,"href":"https:\/\/nymion.com\/fr\/wp-json\/wp\/v2\/pages\/5133\/revisions"}],"predecessor-version":[{"id":6291,"href":"https:\/\/nymion.com\/fr\/wp-json\/wp\/v2\/pages\/5133\/revisions\/6291"}],"wp:attachment":[{"href":"https:\/\/nymion.com\/fr\/wp-json\/wp\/v2\/media?parent=5133"}],"curies":[{"name":"wp","href":"https:\/\/api.w.org\/{rel}","templated":true}]}}