{"id":5725,"date":"2017-03-11T14:13:07","date_gmt":"2017-03-11T13:13:07","guid":{"rendered":"https:\/\/nymion.com\/services\/"},"modified":"2021-10-30T03:16:27","modified_gmt":"2021-10-30T03:16:27","slug":"services","status":"publish","type":"page","link":"https:\/\/nymion.com\/fr\/services\/","title":{"rendered":"Services"},"content":{"rendered":"<section class=\"wpb-content-wrapper\"><p>[vc_row row_type=\u00a0\u00bbfull-width\u00a0\u00bb][vc_column offset=\u00a0\u00bbvc_hidden-xs\u00a0\u00bb]<style type=\"text\/css\" class=\"custom-vc-pt-style\"> .vc_pt_id_0{background-image: url(https:\/\/nymion.com\/wp-content\/uploads\/2021\/10\/Globe_sm_Services-scaled.jpg); background-size: cover;}<\/style><header class=\"page-title vc-pt vc_pt_id_0 pt-medium \" data-stellar-background-ratio=\"0.4\">\n        \t<div class=\"bg-overlay\">\n        \t\t<div class=\"container\">\n        \t\t\t<div class=\"row\">\n        \t\t\t\t<div class=\"col-md-6\">\n        \t\t\t\t\t<h1 class=\"bpt-title-color\"><\/h1>\n        \t\t\t\t\t\n        \t\t\t\t<\/div><\/div>\n        \t\t<\/div>\n        \t<\/div>\n        <\/header>[vc_empty_space height=\u00a0\u00bb16&Prime;][\/vc_column][\/vc_row][vc_row row_type=\u00a0\u00bbfull-width\u00a0\u00bb][vc_column offset=\u00a0\u00bbvc_hidden-lg vc_hidden-md vc_hidden-sm\u00a0\u00bb]<style type=\"text\/css\" class=\"custom-vc-pt-style\"> .vc_pt_id_1{background-image: url(https:\/\/nymion.com\/wp-content\/uploads\/2021\/10\/Globe_mobile_Services-scaled.jpg); background-size: cover;}<\/style><header class=\"page-title vc-pt vc_pt_id_1 pt-medium \" data-stellar-background-ratio=\"0.4\">\n        \t<div class=\"bg-overlay\">\n        \t\t<div class=\"container\">\n        \t\t\t<div class=\"row\">\n        \t\t\t\t<div class=\"col-md-6\">\n        \t\t\t\t\t<h1 class=\"bpt-title-color\"><\/h1>\n        \t\t\t\t\t\n        \t\t\t\t<\/div><\/div>\n        \t\t<\/div>\n        \t<\/div>\n        <\/header>[vc_empty_space height=\u00a0\u00bb16&Prime;][\/vc_column][\/vc_row][vc_row][vc_column][vc_empty_space height=\u00a0\u00bb16&Prime;][vc_column_text]<\/p>\n<h1 id=\"tw-target-text\" class=\"tw-data-text tw-text-large XcVN5d tw-ta\" dir=\"ltr\" style=\"text-align: center;\" data-placeholder=\"Translation\"><span class=\"Y2IQFc\" lang=\"fr\">Services flexibles et adapt\u00e9s \u00e0 vos besoins<\/span><\/h1>\n<p>[\/vc_column_text][vc_empty_space height=\u00a0\u00bb32&Prime;][\/vc_column][\/vc_row][vc_row][vc_column width=\u00a0\u00bb1\/3&Prime;]\n        <div class=\"link-cards-wrapper . \">\n            <div class=\"link-card\">\n            \t<a href=\"https:\/\/nymion.com\/fr\/a-propos-de-nous\/\" title=\"Assessment\"><img decoding=\"async\" src=\"https:\/\/nymion.com\/wp-content\/uploads\/2021\/10\/AG_Services_Fr.jpg\" alt=\"\u00c9valuation\" class=\"img-responsive\" \/><\/a>\n            \t<div class=\"item-content\"><h6>\u00c9valuation<\/h6><p>La compr\u00e9hension de l'environnement existant d'une entreprise est essentielle pour atteindre l'excellence en mati\u00e8re de PRP. Nous \u00e9valuons les processus d'affaires, d\u00e9tectons et analysons les donn\u00e9es PII\/PHI, fournissons des conseils juridiques PRP en fonction des lois en vigueur et \u00e9laborons une feuille de route strat\u00e9gique.<\/p>\n            \t\t<a href=\"https:\/\/nymion.com\/fr\/a-propos-de-nous\/\" title=\"Assessment\" class=\"btn-ghost btn-small cli-btn\" >En Savoir Plus<\/span><\/a>\n            \t<\/div>\n            <\/div>\n        <\/div>[\/vc_column][vc_column width=\u00a0\u00bb1\/3&Prime;]\n        <div class=\"link-cards-wrapper . \">\n            <div class=\"link-card\">\n            \t<a href=\"https:\/\/nymion.com\/fr\/a-propos-de-nous\/\" title=\"Design\"><img decoding=\"async\" src=\"https:\/\/nymion.com\/wp-content\/uploads\/2021\/10\/Design_Services_Fr.jpg\" alt=\"Conception\" class=\"img-responsive\" \/><\/a>\n            \t<div class=\"item-content\"><h6>Conception<\/h6><p>Le paysage de la protection des renseignements personnels \u00e9volue, et votre parc infrastructure doit suivre. Notre \u00e9quipe d'architectes exp\u00e9riment\u00e9s en mati\u00e8re de donn\u00e9es, d'int\u00e9gration et de solutions concevra et \u00e9laborera des solutions qui couvriront l'ensemble des exigences de votre entreprise, de vos op\u00e9rations et de votre s\u00e9curit\u00e9<\/p>\n            \t\t<a href=\"https:\/\/nymion.com\/fr\/a-propos-de-nous\/\" title=\"Design\" class=\"btn-ghost btn-small cli-btn\" >En Savoir Plus<\/span><\/a>\n            \t<\/div>\n            <\/div>\n        <\/div>[\/vc_column][vc_column width=\u00a0\u00bb1\/3&Prime;]\n        <div class=\"link-cards-wrapper . \">\n            <div class=\"link-card\">\n            \t<a href=\"https:\/\/nymion.com\/fr\/a-propos-de-nous\/\" title=\"Integration &amp; Deployment\"><img decoding=\"async\" src=\"https:\/\/nymion.com\/wp-content\/uploads\/2021\/10\/ID_Services_2_Fr.jpg\" alt=\"Int\u00e9gration et D\u00e9ploiement\" class=\"img-responsive\" \/><\/a>\n            \t<div class=\"item-content\"><h6>Int\u00e9gration et D\u00e9ploiement<\/h6><p>L'application d'une approche disciplin\u00e9e et cibl\u00e9e est n\u00e9cessaire pour int\u00e9grer et d\u00e9ployer des solutions optimales de protection des renseignements personnels. L'\u00e9quipe d'experts de Nymion est form\u00e9e et exp\u00e9riment\u00e9e dans un large \u00e9ventail d'applications de protection des renseignements personnels et de meilleures pratiques industrielles.<\/p>\n            \t\t<a href=\"https:\/\/nymion.com\/fr\/a-propos-de-nous\/\" title=\"Integration &amp; Deployment\" class=\"btn-ghost btn-small cli-btn\" >En Savoir Plus<\/span><\/a>\n            \t<\/div>\n            <\/div>\n        <\/div>[\/vc_column][\/vc_row][vc_row][vc_column width=\u00a0\u00bb1\/3&Prime;]\n        <div class=\"link-cards-wrapper . \">\n            <div class=\"link-card\">\n            \t<a href=\"https:\/\/nymion.com\/fr\/a-propos-de-nous\/\" title=\"Support &amp; Hypercare\"><img decoding=\"async\" src=\"https:\/\/nymion.com\/wp-content\/uploads\/2021\/10\/Support_sm_mag.jpg\" alt=\"Soutien et Assistance Accrue\" class=\"img-responsive\" \/><\/a>\n            \t<div class=\"item-content\"><h6>Soutien et Assistance Accrue<\/h6><p>La transition du d\u00e9ploiement au support ne doit pas virer de succ\u00e8s \u00e0 n\u00e9gliger. Nous nous engageons de bien supporter vos \u00e9quipes op\u00e9rationnelles et faire en sorte que votre projet connaisse l'atterrissage en douceur que votre entreprise m\u00e9rite.<\/p>\n            \t\t<a href=\"https:\/\/nymion.com\/fr\/a-propos-de-nous\/\" title=\"Support &amp; Hypercare\" class=\"btn-ghost btn-small cli-btn\" >En Savoir Plus<\/span><\/a>\n            \t<\/div>\n            <\/div>\n        <\/div>[\/vc_column][vc_column width=\u00a0\u00bb1\/3&Prime;]\n        <div class=\"link-cards-wrapper . \">\n            <div class=\"link-card\">\n            \t<a href=\"https:\/\/nymion.com\/fr\/a-propos-de-nous\/\" title=\"Governance\"><img decoding=\"async\" src=\"https:\/\/nymion.com\/wp-content\/uploads\/2021\/10\/bridge_small-1.png\" alt=\"Risque et Conformit\u00e9\" class=\"img-responsive\" \/><\/a>\n            \t<div class=\"item-content\"><h6>Risque et Conformit\u00e9<\/h6><p>Les processus sont au c\u0153ur de la mani\u00e8re dont les entreprises g\u00e8rent leurs donn\u00e9es. Notre \u00e9quipe examine l'efficacit\u00e9 des processus de protection des renseignements personnels d'une organisation et aide \u00e0 assurer l'alignement avec les lois en vigueur.<\/p>\n            \t\t<a href=\"https:\/\/nymion.com\/fr\/a-propos-de-nous\/\" title=\"Governance\" class=\"btn-ghost btn-small cli-btn\" >En Savoir Plus<\/span><\/a>\n            \t<\/div>\n            <\/div>\n        <\/div>[\/vc_column][vc_column width=\u00a0\u00bb1\/3&Prime;]\n        <div class=\"link-cards-wrapper . \">\n            <div class=\"link-card\">\n            \t<a href=\"https:\/\/nymion.com\/fr\/a-propos-de-nous\/\" title=\"Software Vendors\"><img decoding=\"async\" src=\"https:\/\/nymion.com\/wp-content\/uploads\/2021\/10\/vm_sm_mgmt.jpg\" alt=\"Gestion des Fournisseurs\" class=\"img-responsive\" \/><\/a>\n            \t<div class=\"item-content\"><h6>Gestion des Fournisseurs<\/h6><p>Il est essentiel de combiner le bon logiciel avec les contr\u00f4les n\u00e9cessaires. Nos partenariats avec les leaders du secteur permettent d'acc\u00e9der \u00e0 une large gamme de logiciels et d'outils de protection des renseignements personnels pour des r\u00e9sultats optimaux.<\/p>\n            \t\t<a href=\"https:\/\/nymion.com\/fr\/a-propos-de-nous\/\" title=\"Software Vendors\" class=\"btn-ghost btn-small cli-btn\" >En Savoir Plus<\/span><\/a>\n            \t<\/div>\n            <\/div>\n        <\/div>[\/vc_column][\/vc_row][vc_row background=\u00a0\u00bb#3a445a\u00a0\u00bb][vc_column][vc_empty_space height=\u00a0\u00bb50&Prime;][vc_column_text el_class=\u00a0\u00bbbanner-text-block\u00a0\u00bb]<\/p>\n<h1 style=\"text-align: center;\">Le respect de la vie priv\u00e9e est notre mod\u00e8le d\u2019affaires<\/h1>\n<p>[\/vc_column_text][vc_empty_space height=\u00a0\u00bb50&Prime;][\/vc_column][\/vc_row][vc_row row_type=\u00a0\u00bbfull-width\u00a0\u00bb][vc_column no_gap_check=\u00a0\u00bbno-gap\u00a0\u00bb width=\u00a0\u00bb1\/4&Prime; css=\u00a0\u00bb.vc_custom_1632093372531{background-position: center !important;background-repeat: no-repeat !important;background-size: cover !important;}\u00a0\u00bb][\/vc_column][vc_column no_gap_check=\u00a0\u00bbno-gap\u00a0\u00bb width=\u00a0\u00bb1\/4&Prime; css=\u00a0\u00bb.vc_custom_1632092296148{background-position: center !important;background-repeat: no-repeat !important;background-size: cover !important;}\u00a0\u00bb]\n\t\t\t<!-- START Slider 1 REVOLUTION SLIDER 6.7.34 --><p class=\"rs-p-wp-fix\"><\/p>\n\t\t\t<rs-module-wrap id=\"rev_slider_11_1_wrapper\" data-source=\"gallery\" style=\"visibility:hidden;background:transparent;padding:0;margin:0px auto;margin-top:0;margin-bottom:0;\">\n\t\t\t\t<rs-module id=\"rev_slider_11_1\" style=\"\" data-version=\"6.7.34\">\n\t\t\t\t\t<rs-slides style=\"overflow: hidden; position: absolute;\">\n\t\t\t\t\t\t<rs-slide style=\"position: absolute;\" data-key=\"rs-17\" data-title=\"Slide\" data-anim=\"adpr:false;\" data-in=\"o:0;\" data-out=\"a:false;\">\n\t\t\t\t\t\t\t<img decoding=\"async\" src=\"\/\/nymion.com\/wp-content\/plugins\/revslider\/sr6\/assets\/assets\/dummy.png\" alt=\"Slide\" title=\"Services\" class=\"rev-slidebg tp-rs-img rs-lazyload\" data-lazyload=\"\/\/nymion.com\/wp-content\/plugins\/revslider\/sr6\/assets\/assets\/transparent.png\" data-no-retina>\n<!--\n\t\t\t\t\t\t\t--><rs-layer\n\t\t\t\t\t\t\t\tid=\"slider-11-slide-17-layer-0\" \n\t\t\t\t\t\t\t\tclass=\"rs-layer-video intrinsic-ignore\"\n\t\t\t\t\t\t\t\tdata-type=\"video\"\n\t\t\t\t\t\t\t\tdata-rsp_ch=\"on\"\n\t\t\t\t\t\t\t\tdata-xy=\"x:c;y:c;\"\n\t\t\t\t\t\t\t\tdata-text=\"w:normal;\"\n\t\t\t\t\t\t\t\tdata-dim=\"w:100%;h:100%;\"\n\t\t\t\t\t\t\t\tdata-video=\"vfc:true;vd:100;l:true;ptimer:false;nse:f;afs:f;\"\n\t\t\t\t\t\t\t\tdata-poster=\"\/\/nymion.com\/wp-content\/uploads\/revslider\/video-media\/1036897694-hd_17_layer.jpeg\"\n\t\t\t\t\t\t\t\tdata-mp4=\"\/\/nymion.com\/wp-content\/uploads\/2021\/09\/1036897694-hd.mov\"\n\t\t\t\t\t\t\t\tdata-frame_999=\"o:0;st:w;\"\n\t\t\t\t\t\t\t\tdata-tloop=\"u:true;\"\n\t\t\t\t\t\t\t\tstyle=\"z-index:5;\"\n\t\t\t\t\t\t\t>\n\t\t\t\t\t\t\t<\/rs-layer><!--\n-->\t\t\t\t\t<\/rs-slide>\n\t\t\t\t\t<\/rs-slides>\n\t\t\t\t<\/rs-module>\n\t\t\t\t<script>\n\t\t\t\t\tsetREVStartSize({c: 'rev_slider_11_1',rl:[1240,1024,778,480],el:[900],gw:[1240],gh:[900],type:'standard',justify:'',layout:'fullwidth',mh:\"0\"});if (window.RS_MODULES!==undefined && window.RS_MODULES.modules!==undefined && window.RS_MODULES.modules[\"revslider111\"]!==undefined) {window.RS_MODULES.modules[\"revslider111\"].once = false;window.revapi11 = undefined;if (window.RS_MODULES.checkMinimal!==undefined) window.RS_MODULES.checkMinimal()}\n\t\t\t\t<\/script>\n\t\t\t<\/rs-module-wrap>\n\t\t\t<!-- END REVOLUTION SLIDER -->\n[\/vc_column][vc_column no_gap_check=\u00a0\u00bbno-gap\u00a0\u00bb width=\u00a0\u00bb1\/4&Prime; css=\u00a0\u00bb.vc_custom_1632092290812{padding-right: 75px !important;padding-left: 75px !important;}\u00a0\u00bb][vc_empty_space height=\u00a0\u00bb75px\u00a0\u00bb]\n        <div class=\"wow fadeIn\"  data-wow-duration=\"1.5s\" data-wow-delay=\"0.1s\">[vc_column_text]<\/p>\n<h2 style=\"text-align: center;\">Empreinte des donn\u00e9es personnelles<\/h2>\n<p>La mise en \u0153uvre de politiques fortes en mati\u00e8re de protection de la vie priv\u00e9e n\u2019est pas seulement bonne pour les affaires, elle d\u00e9montre que vous vous engagez \u00e0 prot\u00e9ger la vie priv\u00e9e de vos clients et de vos employ\u00e9s.[\/vc_column_text]<\/div>[vc_empty_space height=\u00a0\u00bb50px\u00a0\u00bb][\/vc_column][vc_column no_gap_check=\u00a0\u00bbno-gap\u00a0\u00bb width=\u00a0\u00bb1\/4&Prime; css=\u00a0\u00bb.vc_custom_1632092409039{padding-right: 75px !important;padding-left: 75px !important;}\u00a0\u00bb][\/vc_column][\/vc_row][vc_row row_type=\u00a0\u00bbfull-width\u00a0\u00bb][vc_column no_gap_check=\u00a0\u00bbno-gap\u00a0\u00bb width=\u00a0\u00bb1\/4&Prime; css=\u00a0\u00bb.vc_custom_1632092296148{background-position: center !important;background-repeat: no-repeat !important;background-size: cover !important;}\u00a0\u00bb][\/vc_column][vc_column no_gap_check=\u00a0\u00bbno-gap\u00a0\u00bb width=\u00a0\u00bb1\/4&Prime; css=\u00a0\u00bb.vc_custom_1632092409039{padding-right: 75px !important;padding-left: 75px !important;}\u00a0\u00bb][vc_empty_space height=\u00a0\u00bb75px\u00a0\u00bb]\n        <div class=\"wow fadeIn\"  data-wow-duration=\"1.5s\" data-wow-delay=\"0.1s\">[vc_column_text]<\/p>\n<h2 style=\"text-align: center;\">Restez ma\u00eetre de la situation<\/h2>\n<p style=\"text-align: left;\">Les donn\u00e9es se propagent rapidement. Il incombe aux entreprises de savoir o\u00f9 sont stock\u00e9s les renseignements personnels de leurs clients et employ\u00e9s et comment elles sont utilis\u00e9s. Laissez-nous vous aider \u00e0 mener \u00e0 bien cette t\u00e2che qui peut sembler ardue.<\/p>\n<p>[\/vc_column_text]<\/div>[vc_empty_space height=\u00a0\u00bb50px\u00a0\u00bb][\/vc_column][vc_column no_gap_check=\u00a0\u00bbno-gap\u00a0\u00bb width=\u00a0\u00bb1\/4&Prime; css=\u00a0\u00bb.vc_custom_1632093372531{background-position: center !important;background-repeat: no-repeat !important;background-size: cover !important;}\u00a0\u00bb]\n\t\t\t<!-- START Data Propagation REVOLUTION SLIDER 6.7.34 --><p class=\"rs-p-wp-fix\"><\/p>\n\t\t\t<rs-module-wrap id=\"rev_slider_4_2_wrapper\" data-source=\"gallery\" style=\"visibility:hidden;background:transparent;padding:0;margin:0px auto;margin-top:0;margin-bottom:0;\">\n\t\t\t\t<rs-module id=\"rev_slider_4_2\" style=\"\" data-version=\"6.7.34\">\n\t\t\t\t\t<rs-slides style=\"overflow: hidden; position: absolute;\">\n\t\t\t\t\t\t<rs-slide style=\"position: absolute;\" data-key=\"rs-10\" data-title=\"Slide\" data-anim=\"adpr:false;\" data-in=\"o:0;\" data-out=\"a:false;\">\n\t\t\t\t\t\t\t<img decoding=\"async\" src=\"\/\/nymion.com\/wp-content\/plugins\/revslider\/sr6\/assets\/assets\/dummy.png\" alt=\"Slide\" title=\"Services\" class=\"rev-slidebg tp-rs-img rs-lazyload\" data-lazyload=\"\/\/nymion.com\/wp-content\/plugins\/revslider\/sr6\/assets\/assets\/transparent.png\" data-no-retina>\n<!--\n\t\t\t\t\t\t\t--><rs-layer\n\t\t\t\t\t\t\t\tid=\"slider-4-slide-10-layer-0\" \n\t\t\t\t\t\t\t\tclass=\"rs-layer-video intrinsic-ignore\"\n\t\t\t\t\t\t\t\tdata-type=\"video\"\n\t\t\t\t\t\t\t\tdata-rsp_ch=\"on\"\n\t\t\t\t\t\t\t\tdata-xy=\"x:c;y:c;\"\n\t\t\t\t\t\t\t\tdata-text=\"w:normal;\"\n\t\t\t\t\t\t\t\tdata-dim=\"w:100%;h:100%;\"\n\t\t\t\t\t\t\t\tdata-video=\"vfc:true;vd:100;l:true;ptimer:false;nse:f;afs:f;\"\n\t\t\t\t\t\t\t\tdata-poster=\"\/\/nymion.com\/wp-content\/uploads\/revslider\/video-media\/1056217592-hd-1_10_layer.jpeg\"\n\t\t\t\t\t\t\t\tdata-mp4=\"\/\/nymion.com\/wp-content\/uploads\/2021\/09\/1056217592-hd-1.mov\"\n\t\t\t\t\t\t\t\tdata-frame_999=\"o:0;st:w;\"\n\t\t\t\t\t\t\t\tdata-tloop=\"u:true;\"\n\t\t\t\t\t\t\t\tstyle=\"z-index:5;\"\n\t\t\t\t\t\t\t>\n\t\t\t\t\t\t\t<\/rs-layer><!--\n-->\t\t\t\t\t<\/rs-slide>\n\t\t\t\t\t<\/rs-slides>\n\t\t\t\t<\/rs-module>\n\t\t\t\t<script>\n\t\t\t\t\tsetREVStartSize({c: 'rev_slider_4_2',rl:[1240,1024,778,480],el:[900],gw:[1240],gh:[900],type:'standard',justify:'',layout:'fullwidth',mh:\"0\"});if (window.RS_MODULES!==undefined && window.RS_MODULES.modules!==undefined && window.RS_MODULES.modules[\"revslider42\"]!==undefined) {window.RS_MODULES.modules[\"revslider42\"].once = false;window.revapi4 = undefined;if (window.RS_MODULES.checkMinimal!==undefined) window.RS_MODULES.checkMinimal()}\n\t\t\t\t<\/script>\n\t\t\t<\/rs-module-wrap>\n\t\t\t<!-- END REVOLUTION SLIDER -->\n[\/vc_column][vc_column no_gap_check=\u00a0\u00bbno-gap\u00a0\u00bb width=\u00a0\u00bb1\/4&Prime; css=\u00a0\u00bb.vc_custom_1632092290812{padding-right: 75px !important;padding-left: 75px !important;}\u00a0\u00bb][\/vc_column][\/vc_row][vc_row][vc_column][vc_empty_space height=\u00a0\u00bb32&Prime;][\/vc_column][\/vc_row]<\/p>\n<\/section>","protected":false},"excerpt":{"rendered":"<p>[vc_row row_type=\u00a0\u00bbfull-width\u00a0\u00bb][vc_column offset=\u00a0\u00bbvc_hidden-xs\u00a0\u00bb][vc_empty_space height=\u00a0\u00bb16&Prime;][\/vc_column][\/vc_row][vc_row row_type=\u00a0\u00bbfull-width\u00a0\u00bb][vc_column offset=\u00a0\u00bbvc_hidden-lg vc_hidden-md vc_hidden-sm\u00a0\u00bb][vc_empty_space height=\u00a0\u00bb16&Prime;][\/vc_column][\/vc_row][vc_row][vc_column][vc_empty_space height=\u00a0\u00bb16&Prime;][vc_column_text] Services flexibles et adapt\u00e9s \u00e0 vos besoins [\/vc_column_text][vc_empty_space height=\u00a0\u00bb32&Prime;][\/vc_column][\/vc_row][vc_row][vc_column width=\u00a0\u00bb1\/3&Prime;][\/vc_column][vc_column width=\u00a0\u00bb1\/3&Prime;][\/vc_column][vc_column width=\u00a0\u00bb1\/3&Prime;][\/vc_column][\/vc_row][vc_row][vc_column &hellip; <\/p>\n<p><a href=\"https:\/\/nymion.com\/fr\/services\/\" class=\"read-more-btn btn btn-small\">Read More<span class=\"screen-reader-text\">Services<\/span><\/a><\/p>\n","protected":false},"author":1,"featured_media":0,"parent":0,"menu_order":0,"comment_status":"closed","ping_status":"closed","template":"page-vc.php","meta":{"_acf_changed":false,"footnotes":""},"class_list":["post-5725","page","type-page","status-publish","hentry"],"acf":[],"yoast_head":"<!-- This site is optimized with the Yoast SEO plugin v25.0 - https:\/\/yoast.com\/wordpress\/plugins\/seo\/ -->\n<title>Services - Nymion<\/title>\n<meta name=\"robots\" content=\"index, follow, max-snippet:-1, max-image-preview:large, max-video-preview:-1\" \/>\n<link rel=\"canonical\" href=\"https:\/\/nymion.com\/fr\/services\/\" \/>\n<meta property=\"og:locale\" content=\"fr_FR\" \/>\n<meta property=\"og:type\" content=\"article\" \/>\n<meta property=\"og:title\" content=\"Services - Nymion\" \/>\n<meta property=\"og:description\" content=\"[vc_row row_type=\u00a0\u00bbfull-width\u00a0\u00bb][vc_column offset=\u00a0\u00bbvc_hidden-xs\u00a0\u00bb][vc_empty_space height=\u00a0\u00bb16&Prime;][\/vc_column][\/vc_row][vc_row row_type=\u00a0\u00bbfull-width\u00a0\u00bb][vc_column offset=\u00a0\u00bbvc_hidden-lg vc_hidden-md vc_hidden-sm\u00a0\u00bb][vc_empty_space height=\u00a0\u00bb16&Prime;][\/vc_column][\/vc_row][vc_row][vc_column][vc_empty_space height=\u00a0\u00bb16&Prime;][vc_column_text] Services flexibles et adapt\u00e9s \u00e0 vos besoins [\/vc_column_text][vc_empty_space height=\u00a0\u00bb32&Prime;][\/vc_column][\/vc_row][vc_row][vc_column width=\u00a0\u00bb1\/3&Prime;][\/vc_column][vc_column width=\u00a0\u00bb1\/3&Prime;][\/vc_column][vc_column width=\u00a0\u00bb1\/3&Prime;][\/vc_column][\/vc_row][vc_row][vc_column &hellip; Read MoreServices\" \/>\n<meta property=\"og:url\" content=\"https:\/\/nymion.com\/fr\/services\/\" \/>\n<meta property=\"og:site_name\" content=\"Nymion\" \/>\n<meta property=\"article:modified_time\" content=\"2021-10-30T03:16:27+00:00\" \/>\n<meta name=\"twitter:card\" content=\"summary_large_image\" \/>\n<meta name=\"twitter:label1\" content=\"Dur\u00e9e de lecture estim\u00e9e\" \/>\n\t<meta name=\"twitter:data1\" content=\"3 minutes\" \/>\n<script type=\"application\/ld+json\" class=\"yoast-schema-graph\">{\"@context\":\"https:\/\/schema.org\",\"@graph\":[{\"@type\":\"WebPage\",\"@id\":\"https:\/\/nymion.com\/fr\/services\/\",\"url\":\"https:\/\/nymion.com\/fr\/services\/\",\"name\":\"Services - Nymion\",\"isPartOf\":{\"@id\":\"https:\/\/nymion.com\/#website\"},\"datePublished\":\"2017-03-11T13:13:07+00:00\",\"dateModified\":\"2021-10-30T03:16:27+00:00\",\"breadcrumb\":{\"@id\":\"https:\/\/nymion.com\/fr\/services\/#breadcrumb\"},\"inLanguage\":\"fr-FR\",\"potentialAction\":[{\"@type\":\"ReadAction\",\"target\":[\"https:\/\/nymion.com\/fr\/services\/\"]}]},{\"@type\":\"BreadcrumbList\",\"@id\":\"https:\/\/nymion.com\/fr\/services\/#breadcrumb\",\"itemListElement\":[{\"@type\":\"ListItem\",\"position\":1,\"name\":\"Home\",\"item\":\"https:\/\/nymion.com\/fr\/\"},{\"@type\":\"ListItem\",\"position\":2,\"name\":\"Services\"}]},{\"@type\":\"WebSite\",\"@id\":\"https:\/\/nymion.com\/#website\",\"url\":\"https:\/\/nymion.com\/\",\"name\":\"Nymion\",\"description\":\"Nymion\",\"potentialAction\":[{\"@type\":\"SearchAction\",\"target\":{\"@type\":\"EntryPoint\",\"urlTemplate\":\"https:\/\/nymion.com\/?s={search_term_string}\"},\"query-input\":{\"@type\":\"PropertyValueSpecification\",\"valueRequired\":true,\"valueName\":\"search_term_string\"}}],\"inLanguage\":\"fr-FR\"}]}<\/script>\n<!-- \/ Yoast SEO plugin. -->","yoast_head_json":{"title":"Services - Nymion","robots":{"index":"index","follow":"follow","max-snippet":"max-snippet:-1","max-image-preview":"max-image-preview:large","max-video-preview":"max-video-preview:-1"},"canonical":"https:\/\/nymion.com\/fr\/services\/","og_locale":"fr_FR","og_type":"article","og_title":"Services - Nymion","og_description":"[vc_row row_type=\u00a0\u00bbfull-width\u00a0\u00bb][vc_column offset=\u00a0\u00bbvc_hidden-xs\u00a0\u00bb][vc_empty_space height=\u00a0\u00bb16&Prime;][\/vc_column][\/vc_row][vc_row row_type=\u00a0\u00bbfull-width\u00a0\u00bb][vc_column offset=\u00a0\u00bbvc_hidden-lg vc_hidden-md vc_hidden-sm\u00a0\u00bb][vc_empty_space height=\u00a0\u00bb16&Prime;][\/vc_column][\/vc_row][vc_row][vc_column][vc_empty_space height=\u00a0\u00bb16&Prime;][vc_column_text] Services flexibles et adapt\u00e9s \u00e0 vos besoins [\/vc_column_text][vc_empty_space height=\u00a0\u00bb32&Prime;][\/vc_column][\/vc_row][vc_row][vc_column width=\u00a0\u00bb1\/3&Prime;][\/vc_column][vc_column width=\u00a0\u00bb1\/3&Prime;][\/vc_column][vc_column width=\u00a0\u00bb1\/3&Prime;][\/vc_column][\/vc_row][vc_row][vc_column &hellip; Read MoreServices","og_url":"https:\/\/nymion.com\/fr\/services\/","og_site_name":"Nymion","article_modified_time":"2021-10-30T03:16:27+00:00","twitter_card":"summary_large_image","twitter_misc":{"Dur\u00e9e de lecture estim\u00e9e":"3 minutes"},"schema":{"@context":"https:\/\/schema.org","@graph":[{"@type":"WebPage","@id":"https:\/\/nymion.com\/fr\/services\/","url":"https:\/\/nymion.com\/fr\/services\/","name":"Services - Nymion","isPartOf":{"@id":"https:\/\/nymion.com\/#website"},"datePublished":"2017-03-11T13:13:07+00:00","dateModified":"2021-10-30T03:16:27+00:00","breadcrumb":{"@id":"https:\/\/nymion.com\/fr\/services\/#breadcrumb"},"inLanguage":"fr-FR","potentialAction":[{"@type":"ReadAction","target":["https:\/\/nymion.com\/fr\/services\/"]}]},{"@type":"BreadcrumbList","@id":"https:\/\/nymion.com\/fr\/services\/#breadcrumb","itemListElement":[{"@type":"ListItem","position":1,"name":"Home","item":"https:\/\/nymion.com\/fr\/"},{"@type":"ListItem","position":2,"name":"Services"}]},{"@type":"WebSite","@id":"https:\/\/nymion.com\/#website","url":"https:\/\/nymion.com\/","name":"Nymion","description":"Nymion","potentialAction":[{"@type":"SearchAction","target":{"@type":"EntryPoint","urlTemplate":"https:\/\/nymion.com\/?s={search_term_string}"},"query-input":{"@type":"PropertyValueSpecification","valueRequired":true,"valueName":"search_term_string"}}],"inLanguage":"fr-FR"}]}},"_links":{"self":[{"href":"https:\/\/nymion.com\/fr\/wp-json\/wp\/v2\/pages\/5725","targetHints":{"allow":["GET"]}}],"collection":[{"href":"https:\/\/nymion.com\/fr\/wp-json\/wp\/v2\/pages"}],"about":[{"href":"https:\/\/nymion.com\/fr\/wp-json\/wp\/v2\/types\/page"}],"author":[{"embeddable":true,"href":"https:\/\/nymion.com\/fr\/wp-json\/wp\/v2\/users\/1"}],"replies":[{"embeddable":true,"href":"https:\/\/nymion.com\/fr\/wp-json\/wp\/v2\/comments?post=5725"}],"version-history":[{"count":35,"href":"https:\/\/nymion.com\/fr\/wp-json\/wp\/v2\/pages\/5725\/revisions"}],"predecessor-version":[{"id":6207,"href":"https:\/\/nymion.com\/fr\/wp-json\/wp\/v2\/pages\/5725\/revisions\/6207"}],"wp:attachment":[{"href":"https:\/\/nymion.com\/fr\/wp-json\/wp\/v2\/media?parent=5725"}],"curies":[{"name":"wp","href":"https:\/\/api.w.org\/{rel}","templated":true}]}}