{"id":5739,"date":"2017-03-10T10:52:40","date_gmt":"2017-03-10T09:52:40","guid":{"rendered":"https:\/\/nymion.com\/about\/"},"modified":"2023-01-15T16:16:22","modified_gmt":"2023-01-15T16:16:22","slug":"a-propos-de-nous","status":"publish","type":"page","link":"https:\/\/nymion.com\/fr\/a-propos-de-nous\/","title":{"rendered":"\u00c0 propos de nous"},"content":{"rendered":"<section class=\"wpb-content-wrapper\"><p>[vc_row row_type=\u00a0\u00bbfull-width\u00a0\u00bb][vc_column no_gap_check=\u00a0\u00bbno-gap\u00a0\u00bb offset=\u00a0\u00bbvc_hidden-xs\u00a0\u00bb]<style type=\"text\/css\" class=\"custom-vc-pt-style\"> .vc_pt_id_0:before{background-color: rgba(148,170,200,0.2);} .vc_pt_id_0{background-image: url(https:\/\/nymion.com\/wp-content\/uploads\/2021\/10\/AboutUs-scaled.jpg); background-size: cover;} .vc_pt_id_0 .bpt-title-color{color: #2b313d;} .vc_pt_id_0 .breadcrumb li a{color: #000000;}<\/style><header class=\"page-title vc-pt vc_pt_id_0 pt-medium \" data-stellar-background-ratio=\"0.4\">\n        \t<div class=\"bg-overlay\">\n        \t\t<div class=\"container\">\n        \t\t\t<div class=\"row\">\n        \t\t\t\t<div class=\"col-md-6\">\n        \t\t\t\t\t<h1 class=\"bpt-title-color\"><\/h1>\n        \t\t\t\t\t\n        \t\t\t\t<\/div><\/div>\n        \t\t<\/div>\n        \t<\/div>\n        <\/header>[vc_empty_space height=\u00a0\u00bb50&Prime;][\/vc_column][vc_column no_gap_check=\u00a0\u00bbno-gap\u00a0\u00bb offset=\u00a0\u00bbvc_hidden-lg vc_hidden-md vc_hidden-sm\u00a0\u00bb]<style type=\"text\/css\" class=\"custom-vc-pt-style\"> .vc_pt_id_1:before{background-color: rgba(148,170,200,0.2);} .vc_pt_id_1{background-image: url(https:\/\/nymion.com\/wp-content\/uploads\/2021\/10\/AboutUs_small.jpg); background-size: cover;} .vc_pt_id_1 .bpt-title-color{color: #2b313d;} .vc_pt_id_1 .breadcrumb li a{color: #000000;}<\/style><header class=\"page-title vc-pt vc_pt_id_1 pt-medium \" data-stellar-background-ratio=\"0.4\">\n        \t<div class=\"bg-overlay\">\n        \t\t<div class=\"container\">\n        \t\t\t<div class=\"row\">\n        \t\t\t\t<div class=\"col-md-6\">\n        \t\t\t\t\t<h1 class=\"bpt-title-color\"><\/h1>\n        \t\t\t\t\t\n        \t\t\t\t<\/div><\/div>\n        \t\t<\/div>\n        \t<\/div>\n        <\/header>[vc_empty_space height=\u00a0\u00bb50&Prime;][\/vc_column][\/vc_row][vc_row][vc_column]\n        <header class=\"sec-heading \"  style=\"margin-bottom: 24px\";>\n          <h2 >QUI SOMMES-NOUS<\/h2>\n          \n        <\/header>[vc_column_text]<\/p>\n<p style=\"text-align: center;\"><strong>La protection des renseignements personnels de vos clients et de vos employ\u00e9s est notre mission.<\/strong><\/p>\n<p style=\"text-align: center;\">Nymion offre des Services de Conformit\u00e9 en PRP.\u00a0 Notre m\u00e9thodologie assure la confidentialit\u00e9 de ces renseignements d\u00e8s la collecte et ce, dans le strict respect des lois et des principes de protection de la vie priv\u00e9e, tout en tenant compte des objectifs des parties prenantes.<\/p>\n<p style=\"text-align: center;\">Notre \u00e9quipe exp\u00e9riment\u00e9e d&rsquo;avocats sp\u00e9cialis\u00e9s dans la protection des renseignement personnels, de sp\u00e9cialistes de la PRP, de la technologie et de la livraison est l\u00e0 pour aider votre organisation \u00e0 se conformer aux lois sur la PRP qui ont une incidence sur votre entreprise.<\/p>\n<p>[\/vc_column_text][vc_empty_space height=\u00a0\u00bb50&Prime;][\/vc_column][\/vc_row][vc_row background=\u00a0\u00bb#3a445a\u00a0\u00bb][vc_column][vc_empty_space height=\u00a0\u00bb50&Prime;][vc_column_text el_class=\u00a0\u00bbbanner-text-block\u00a0\u00bb]<\/p>\n<h1 style=\"text-align: center;\">Notre \u00c9quipe de Direction<\/h1>\n<p>[\/vc_column_text][vc_empty_space height=\u00a0\u00bb50&Prime;][\/vc_column][\/vc_row][vc_row][vc_column]<div id=\"awsm-team-6203\" class=\"awsm-grid-wrapper\">\n\t\t\n\t\t\t<div class=\"awsm-grid cards-style style-3 grid-2-col \">\n\t\t\t\t\t\t<div id=\"awsm-member-6203-6135\" class=\"awsm-grid-card awsm-team-item awsm-scale-anm awsm-all\">\n\t\t\t\t   <figure>\n\t\t\t\t\t\t\t\t\t\t <img loading=\"lazy\" decoding=\"async\" width=\"450\" height=\"450\" src=\"https:\/\/nymion.com\/wp-content\/uploads\/2021\/10\/Nymion-Gilles-Trepanier.jpg\" class=\"attachment-awsm_team size-awsm_team wp-post-image\" alt=\"\" \/>\t\t\t\t\t\t\t\t\t\t\t\t\t\t\t\t <figcaption class=\"awsm-figcaption\">\n\t\t\t\t\t\t\t<div class=\"awsm-personal-info\"><h3>Gilles Tr\u00e9panier<\/h3><span>Partenaire Actif, Conseiller en Conformit\u00e9 et Risques Technologiques<\/span><\/div>\n\t\t\t\t\t\t\t<div class=\"awsm-contact-info\">\n\t\t\t\t\t\t\t\t<div class=\"awsm-social-icons\"><span><a href=\"https:\/\/www.linkedin.com\/in\/gilles-trepanier-6310296\/\" target=\"_blank\"><i class=\"awsm-icon-linkedin2\" aria-hidden=\"true\"><\/i><\/a><\/span><\/div>\t\t\t\t\t\t\t<\/div>\n\t\t\t\t\t\t\t\t\t\t\t\t\t <\/figcaption>\n\t\t\t\t   <\/figure>\n\t\t\t\t<\/div>\n\t\t\t\t\t\t\t<div id=\"awsm-member-6203-6137\" class=\"awsm-grid-card awsm-team-item awsm-scale-anm awsm-all\">\n\t\t\t\t   <figure>\n\t\t\t\t\t\t\t\t\t\t <img loading=\"lazy\" decoding=\"async\" width=\"450\" height=\"450\" src=\"https:\/\/nymion.com\/wp-content\/uploads\/2021\/10\/Nymion-Adrian-Dafinei.jpg\" class=\"attachment-awsm_team size-awsm_team wp-post-image\" alt=\"\" \/>\t\t\t\t\t\t\t\t\t\t\t\t\t\t\t\t <figcaption class=\"awsm-figcaption\">\n\t\t\t\t\t\t\t<div class=\"awsm-personal-info\"><h3>Adrian Dafinei<\/h3><span>Partenaire Actif, Conseiller en Conformit\u00e9 et Risques Technologiques<\/span><\/div>\n\t\t\t\t\t\t\t<div class=\"awsm-contact-info\">\n\t\t\t\t\t\t\t\t<p>Ph.D., P. Eng.<\/p><div class=\"awsm-social-icons\"><span><a href=\"https:\/\/www.linkedin.com\/in\/nerdsalliance\/\" target=\"_blank\"><i class=\"awsm-icon-linkedin2\" aria-hidden=\"true\"><\/i><\/a><\/span><\/div>\t\t\t\t\t\t\t<\/div>\n\t\t\t\t\t\t\t\t\t\t\t\t\t <\/figcaption>\n\t\t\t\t   <\/figure>\n\t\t\t\t<\/div>\n\t\t\t\t\t<\/div>\n\t<\/div>\n[vc_separator border_width=\u00a0\u00bb2&Prime;][\/vc_column][\/vc_row][vc_row][vc_column][vc_empty_space height=\u00a0\u00bb32&Prime;]\n        <header class=\"sec-heading \" >\n          <h2 >POURQUOI FAIRE APPEL \u00c0 NOUS<\/h2>\n          <span class=\"subheading\"  style=\" color: #919191; \">EXP\u00c9RIENCE, CONNAISSANCES, INT\u00c9GRIT\u00c9 ET FIABILIT\u00c9<\/span>\n        <\/header>[\/vc_column][\/vc_row][vc_row][vc_column width=\u00a0\u00bb1\/3&Prime;]\n        <div class=\"wow zoomIn\"  data-wow-duration=\"1s\" data-wow-delay=\"0.1s\">\n        <div class=\"ft-centered \">\n            <div class=\"ft-item ft-dark-spin\">\n                <span class=\"et-genius\"  style=\"   background-color: #2b313d; \"><\/span>\n                <h5  >LE RESPECT DE LA VIE PRIV\u00c9E<\/h5>\n                <p>La transmission de donn\u00e9es est in\u00e9vitable, mais il importe de toujours rester en contr\u00f4le de ses renseignements personnels. C\u2019est pourquoi aider les entreprises \u00e0 pr\u00e9server la vie priv\u00e9e de leur employ\u00e9s et de leur clients est une partie essentielle de notre travail.<\/p>\n            <\/div>\n        <\/div><\/div>[\/vc_column][vc_column width=\u00a0\u00bb1\/3&Prime;]\n        <div class=\"wow zoomIn\"  data-wow-duration=\"1s\" data-wow-delay=\"0.4s\">\n        <div class=\"ft-centered \">\n            <div class=\"ft-item ft-dark-spin\">\n                <span class=\"et-key\"  style=\"   background-color: #2b313d; \"><\/span>\n                <h5  >PARTENARIATS CL\u00c9S<\/h5>\n                <p>En forgeant des partenariats avec les chefs de file du march\u00e9 en mati\u00e8re de lois sur la protection des renseignements personnels, de cybers\u00e9curit\u00e9 et de logiciels de protection de la vie priv\u00e9e, nous renfor\u00e7ons notre engagement \u00e0 vous fournir des solutions sur mesure.<\/p>\n            <\/div>\n        <\/div><\/div>[\/vc_column][vc_column width=\u00a0\u00bb1\/3&Prime;]\n        <div class=\"wow zoomIn\"  data-wow-duration=\"1s\" data-wow-delay=\"0.7s\">\n        <div class=\"ft-centered \">\n            <div class=\"ft-item ft-dark-spin\">\n                <span class=\"et-trophy\"  style=\"   background-color: #2b313d; \"><\/span>\n                <h5  >AX\u00c9S SUR LES R\u00c9SULTATS<\/h5>\n                <p>Nous comprenons les difficult\u00e9s auxquelles les entreprises sont confront\u00e9es. Nos \u00e9quipes analyseront, planifieront et concevront m\u00e9ticuleusement chaque aspect des solutions offertes pour r\u00e9pondre \u00e0 vos obligations l\u00e9gales particuli\u00e8res et \u00e0 vos enjeux \u00e9thiques.<\/p>\n            <\/div>\n        <\/div><\/div>[\/vc_column][\/vc_row][vc_row][vc_column][vc_empty_space height=\u00a0\u00bb50&Prime;][\/vc_column][\/vc_row][vc_row][vc_column width=\u00a0\u00bb1\/3&Prime;]\n        <div class=\"wow zoomIn\"  data-wow-duration=\"1s\" data-wow-delay=\"0.1s\">\n        <div class=\"ft-centered \">\n            <div class=\"ft-item ft-dark-spin\">\n                <span class=\"et-gears\"  style=\"   background-color: #2b313d; \"><\/span>\n                <h5  >M\u00c9THODOLOGIE CL\u00c9S EN MAIN<\/h5>\n                <p>Vous soutenir n\u2019est pas seulement notre passion, c\u2019est ce qui nous motive. Notre m\u00e9thodologie cl\u00e9s en main fournit le cadre n\u00e9cessaire pour naviguer avec succ\u00e8s dans le milieu de la confidentialit\u00e9 des donn\u00e9es.<\/p>\n            <\/div>\n        <\/div><\/div>[\/vc_column][vc_column width=\u00a0\u00bb1\/3&Prime;]\n        <div class=\"wow zoomIn\"  data-wow-duration=\"1s\" data-wow-delay=\"0.4s\">\n        <div class=\"ft-centered \">\n            <div class=\"ft-item ft-dark-spin\">\n                <span class=\"fa fa-users\"  style=\"   background-color: #2b313d; \"><\/span>\n                <h5  >PROFESSIONNALISME<\/h5>\n                <p>Notre personnel incarne les plus hauts niveaux de connaissances, de comp\u00e9tences, de fiabilit\u00e9, d\u2019honn\u00eatet\u00e9, d\u2019int\u00e9grit\u00e9, de respect, d\u2019engagement et d\u2019aptitudes en relations humaines que votre entreprise m\u00e9rite.<\/p>\n            <\/div>\n        <\/div><\/div>[\/vc_column][vc_column width=\u00a0\u00bb1\/3&Prime;]\n        <div class=\"wow zoomIn\"  data-wow-duration=\"1s\" data-wow-delay=\"0.7s\">\n        <div class=\"ft-centered \">\n            <div class=\"ft-item ft-dark-spin\">\n                <span class=\"fa fa-university\"  style=\"   background-color: #2b313d; \"><\/span>\n                <h5  >\u00c0 LA CARTE<\/h5>\n                <p>Nous comprenons combien certains projets peuvent se r\u00e9v\u00e9ler frustrants, sans fins, complexes et co\u00fbteux. Nos services offrent flexibilit\u00e9 et simplicit\u00e9 en fonction de vos \u00e9ch\u00e9anciers, budgets et besoins pr\u00e9cis.<\/p>\n            <\/div>\n        <\/div><\/div>[\/vc_column][\/vc_row][vc_row row_type=\u00a0\u00bbfull-width\u00a0\u00bb background=\u00a0\u00bb#3a445a\u00a0\u00bb][vc_column][vc_empty_space height=\u00a0\u00bb50&Prime;][vc_column_text el_class=\u00a0\u00bbbanner-text-block\u00a0\u00bb]<\/p>\n<h1 style=\"text-align: center;\">Construire des partenariats avec nos clients est la cl\u00e9 pour fournir une valeur s\u00fbre<\/h1>\n<p>[\/vc_column_text][vc_empty_space height=\u00a0\u00bb50&Prime;][\/vc_column][\/vc_row]<\/p>\n<\/section>","protected":false},"excerpt":{"rendered":"<p>[vc_row row_type=\u00a0\u00bbfull-width\u00a0\u00bb][vc_column no_gap_check=\u00a0\u00bbno-gap\u00a0\u00bb offset=\u00a0\u00bbvc_hidden-xs\u00a0\u00bb][vc_empty_space height=\u00a0\u00bb50&Prime;][\/vc_column][vc_column no_gap_check=\u00a0\u00bbno-gap\u00a0\u00bb offset=\u00a0\u00bbvc_hidden-lg vc_hidden-md vc_hidden-sm\u00a0\u00bb][vc_empty_space height=\u00a0\u00bb50&Prime;][\/vc_column][\/vc_row][vc_row][vc_column][vc_column_text] La protection des renseignements personnels de vos clients et de vos employ\u00e9s &hellip; <\/p>\n<p><a href=\"https:\/\/nymion.com\/fr\/awsm_team_member\/adrian-dafinei-ph-d-p-eng\/\" class=\"read-more-btn btn btn-small\">Read More<span class=\"screen-reader-text\">Adrian Dafinei<\/span><\/a><\/p>\n","protected":false},"author":1,"featured_media":0,"parent":0,"menu_order":0,"comment_status":"closed","ping_status":"closed","template":"page-vc.php","meta":{"_acf_changed":false,"footnotes":""},"class_list":["post-5739","page","type-page","status-publish","hentry"],"acf":[],"yoast_head":"<!-- This site is optimized with the Yoast SEO plugin v25.0 - https:\/\/yoast.com\/wordpress\/plugins\/seo\/ -->\n<title>\u00c0 propos de nous - Nymion<\/title>\n<meta name=\"description\" content=\"Nymion est une entreprise de protection de la confidentialit\u00e9 des donn\u00e9es personnelles, sp\u00e9cialis\u00e9e dans les m\u00e9thodologies cl\u00e9s en main et offrant des solutions sur mesure de A \u00e0 Z.\" \/>\n<meta name=\"robots\" content=\"index, follow, max-snippet:-1, max-image-preview:large, max-video-preview:-1\" \/>\n<link rel=\"canonical\" href=\"https:\/\/nymion.com\/fr\/a-propos-de-nous\/\" \/>\n<meta property=\"og:locale\" content=\"fr_FR\" \/>\n<meta property=\"og:type\" content=\"article\" \/>\n<meta property=\"og:title\" content=\"\u00c0 propos de nous - Nymion\" \/>\n<meta property=\"og:description\" content=\"Nymion est une entreprise de protection de la confidentialit\u00e9 des donn\u00e9es personnelles, sp\u00e9cialis\u00e9e dans les m\u00e9thodologies cl\u00e9s en main et offrant des solutions sur mesure de A \u00e0 Z.\" \/>\n<meta property=\"og:url\" content=\"https:\/\/nymion.com\/fr\/a-propos-de-nous\/\" \/>\n<meta property=\"og:site_name\" content=\"Nymion\" \/>\n<meta property=\"article:modified_time\" content=\"2023-01-15T16:16:22+00:00\" \/>\n<meta name=\"twitter:card\" content=\"summary_large_image\" \/>\n<meta name=\"twitter:label1\" content=\"Dur\u00e9e de lecture estim\u00e9e\" \/>\n\t<meta name=\"twitter:data1\" content=\"2 minutes\" \/>\n<script type=\"application\/ld+json\" class=\"yoast-schema-graph\">{\"@context\":\"https:\/\/schema.org\",\"@graph\":[{\"@type\":\"WebPage\",\"@id\":\"https:\/\/nymion.com\/fr\/a-propos-de-nous\/\",\"url\":\"https:\/\/nymion.com\/fr\/a-propos-de-nous\/\",\"name\":\"\u00c0 propos de nous - Nymion\",\"isPartOf\":{\"@id\":\"https:\/\/nymion.com\/#website\"},\"datePublished\":\"2017-03-10T09:52:40+00:00\",\"dateModified\":\"2023-01-15T16:16:22+00:00\",\"description\":\"Nymion est une entreprise de protection de la confidentialit\u00e9 des donn\u00e9es personnelles, sp\u00e9cialis\u00e9e dans les m\u00e9thodologies cl\u00e9s en main et offrant des solutions sur mesure de A \u00e0 Z.\",\"breadcrumb\":{\"@id\":\"https:\/\/nymion.com\/fr\/a-propos-de-nous\/#breadcrumb\"},\"inLanguage\":\"fr-FR\",\"potentialAction\":[{\"@type\":\"ReadAction\",\"target\":[\"https:\/\/nymion.com\/fr\/a-propos-de-nous\/\"]}]},{\"@type\":\"BreadcrumbList\",\"@id\":\"https:\/\/nymion.com\/fr\/a-propos-de-nous\/#breadcrumb\",\"itemListElement\":[{\"@type\":\"ListItem\",\"position\":1,\"name\":\"Home\",\"item\":\"https:\/\/nymion.com\/fr\/\"},{\"@type\":\"ListItem\",\"position\":2,\"name\":\"\u00c0 propos de nous\"}]},{\"@type\":\"WebSite\",\"@id\":\"https:\/\/nymion.com\/#website\",\"url\":\"https:\/\/nymion.com\/\",\"name\":\"Nymion\",\"description\":\"Nymion\",\"potentialAction\":[{\"@type\":\"SearchAction\",\"target\":{\"@type\":\"EntryPoint\",\"urlTemplate\":\"https:\/\/nymion.com\/?s={search_term_string}\"},\"query-input\":{\"@type\":\"PropertyValueSpecification\",\"valueRequired\":true,\"valueName\":\"search_term_string\"}}],\"inLanguage\":\"fr-FR\"}]}<\/script>\n<!-- \/ Yoast SEO plugin. -->","yoast_head_json":{"title":"\u00c0 propos de nous - Nymion","description":"Nymion est une entreprise de protection de la confidentialit\u00e9 des donn\u00e9es personnelles, sp\u00e9cialis\u00e9e dans les m\u00e9thodologies cl\u00e9s en main et offrant des solutions sur mesure de A \u00e0 Z.","robots":{"index":"index","follow":"follow","max-snippet":"max-snippet:-1","max-image-preview":"max-image-preview:large","max-video-preview":"max-video-preview:-1"},"canonical":"https:\/\/nymion.com\/fr\/a-propos-de-nous\/","og_locale":"fr_FR","og_type":"article","og_title":"\u00c0 propos de nous - Nymion","og_description":"Nymion est une entreprise de protection de la confidentialit\u00e9 des donn\u00e9es personnelles, sp\u00e9cialis\u00e9e dans les m\u00e9thodologies cl\u00e9s en main et offrant des solutions sur mesure de A \u00e0 Z.","og_url":"https:\/\/nymion.com\/fr\/a-propos-de-nous\/","og_site_name":"Nymion","article_modified_time":"2023-01-15T16:16:22+00:00","twitter_card":"summary_large_image","twitter_misc":{"Dur\u00e9e de lecture estim\u00e9e":"2 minutes"},"schema":{"@context":"https:\/\/schema.org","@graph":[{"@type":"WebPage","@id":"https:\/\/nymion.com\/fr\/a-propos-de-nous\/","url":"https:\/\/nymion.com\/fr\/a-propos-de-nous\/","name":"\u00c0 propos de nous - Nymion","isPartOf":{"@id":"https:\/\/nymion.com\/#website"},"datePublished":"2017-03-10T09:52:40+00:00","dateModified":"2023-01-15T16:16:22+00:00","description":"Nymion est une entreprise de protection de la confidentialit\u00e9 des donn\u00e9es personnelles, sp\u00e9cialis\u00e9e dans les m\u00e9thodologies cl\u00e9s en main et offrant des solutions sur mesure de A \u00e0 Z.","breadcrumb":{"@id":"https:\/\/nymion.com\/fr\/a-propos-de-nous\/#breadcrumb"},"inLanguage":"fr-FR","potentialAction":[{"@type":"ReadAction","target":["https:\/\/nymion.com\/fr\/a-propos-de-nous\/"]}]},{"@type":"BreadcrumbList","@id":"https:\/\/nymion.com\/fr\/a-propos-de-nous\/#breadcrumb","itemListElement":[{"@type":"ListItem","position":1,"name":"Home","item":"https:\/\/nymion.com\/fr\/"},{"@type":"ListItem","position":2,"name":"\u00c0 propos de nous"}]},{"@type":"WebSite","@id":"https:\/\/nymion.com\/#website","url":"https:\/\/nymion.com\/","name":"Nymion","description":"Nymion","potentialAction":[{"@type":"SearchAction","target":{"@type":"EntryPoint","urlTemplate":"https:\/\/nymion.com\/?s={search_term_string}"},"query-input":{"@type":"PropertyValueSpecification","valueRequired":true,"valueName":"search_term_string"}}],"inLanguage":"fr-FR"}]}},"_links":{"self":[{"href":"https:\/\/nymion.com\/fr\/wp-json\/wp\/v2\/pages\/5739","targetHints":{"allow":["GET"]}}],"collection":[{"href":"https:\/\/nymion.com\/fr\/wp-json\/wp\/v2\/pages"}],"about":[{"href":"https:\/\/nymion.com\/fr\/wp-json\/wp\/v2\/types\/page"}],"author":[{"embeddable":true,"href":"https:\/\/nymion.com\/fr\/wp-json\/wp\/v2\/users\/1"}],"replies":[{"embeddable":true,"href":"https:\/\/nymion.com\/fr\/wp-json\/wp\/v2\/comments?post=5739"}],"version-history":[{"count":34,"href":"https:\/\/nymion.com\/fr\/wp-json\/wp\/v2\/pages\/5739\/revisions"}],"predecessor-version":[{"id":6236,"href":"https:\/\/nymion.com\/fr\/wp-json\/wp\/v2\/pages\/5739\/revisions\/6236"}],"wp:attachment":[{"href":"https:\/\/nymion.com\/fr\/wp-json\/wp\/v2\/media?parent=5739"}],"curies":[{"name":"wp","href":"https:\/\/api.w.org\/{rel}","templated":true}]}}